{"id":1325,"date":"2016-04-14T12:12:53","date_gmt":"2016-04-14T12:12:53","guid":{"rendered":"http:\/\/logistic.freevision.me\/?page_id=1325"},"modified":"2021-11-14T10:14:31","modified_gmt":"2021-11-14T10:14:31","slug":"bienvenue","status":"publish","type":"page","link":"https:\/\/afritrans-ci.com\/","title":{"rendered":"ACCUEIL"},"content":{"rendered":"<p>[vc_row row_fullwidth=&#8221;1&#8243; row_zero_column_space=&#8221;1&#8243; css=&#8221;.vc_custom_1461073450203{margin-top: 0px !important;margin-right: 0px !important;margin-bottom: 0px !important;margin-left: 0px !important;padding-top: 0px !important;padding-right: 0px !important;padding-bottom: 0px !important;padding-left: 0px !important;}&#8221;][vc_column][rev_slider_vc alias=&#8221;corporate_business&#8221; el_class=&#8221;no-bottom-margin&#8221;][vc_row_inner css=&#8221;.vc_custom_1461076835725{margin-top: 0px !important;margin-bottom: 0px !important;padding-top: 0px !important;padding-bottom: 0px !important;}&#8221;][vc_column_inner width=&#8221;1\/3&#8243;]<div id=\"ohwc-51810\" class=\"ozy-hover-card\">\t<div class=\"f\"><figure><img src=\"https:\/\/afritrans-ci.com\/wp-content\/uploads\/2016\/04\/shutterstock_362532200-compressor-300x106.jpg\" alt=\"\"\/><\/figure>\t\t<div><i class=\"oic oic-flaticon5-truck-1\">&nbsp;<\/i><h3>Transport Terrestre<\/h3><p>Notre service de livraison pour rester plus proche de votre marchandise.<\/p><a href=\"https:\/\/afritrans-ci.com\/index.php\/services-afritrans\/#aftrans\" class=\"content-color\"  target=\"\"><span>PLUS D'INFOS<\/span> &rarr;<\/a>\t\t<\/div>\t<\/div>\t<div class=\"s\">\t\t<div><i class=\"oic oic-flaticon5-truck-1\">&nbsp;<\/i><h3>Transport Terrestre<\/h3>\t\t<\/div>\t<\/div><\/div>[\/vc_column_inner][vc_column_inner width=&#8221;1\/3&#8243;]<div id=\"ohwc-64326\" class=\"ozy-hover-card\">\t<div class=\"f\"><figure><img src=\"https:\/\/afritrans-ci.com\/wp-content\/uploads\/2016\/04\/shutterstock_153676901-compressor-300x106.jpg\" alt=\"\"\/><\/figure>\t\t<div><i class=\"oic oic-flaticon5-truck\">&nbsp;<\/i><h3>Manutention<\/h3><p>Vos op\u00e9rations de chargement et d\u00e9chargement en toute s\u00e9r\u00e9nit\u00e9.<\/p><a href=\"https:\/\/afritrans-ci.com\/index.php\/services-afritrans\/#afmanut\" class=\"content-color\"  target=\"\"><span>PLUS D'INFOS<\/span> &rarr;<\/a>\t\t<\/div>\t<\/div>\t<div class=\"s\">\t\t<div><i class=\"oic oic-flaticon5-truck\">&nbsp;<\/i><h3>Manutention<\/h3>\t\t<\/div>\t<\/div><\/div>[\/vc_column_inner][vc_column_inner width=&#8221;1\/3&#8243;]<div id=\"ohwc-96722\" class=\"ozy-hover-card\">\t<div class=\"f\"><figure><img src=\"https:\/\/afritrans-ci.com\/wp-content\/uploads\/2021\/08\/logstock-300x200.jpg\" alt=\"\"\/><\/figure>\t\t<div><i class=\"oic oic-flaticon4-packages3\">&nbsp;<\/i><h3>Entreposage<\/h3><p>Optimisez votre chaine de distribution en profitant d'espaces adapt\u00e9s &amp; fiables<\/p><a href=\"https:\/\/afritrans-ci.com\/index.php\/services-afritrans\/#afrstock\" class=\"content-color\"  target=\"\"><span>PLUS D'INFOS<\/span> &rarr;<\/a>\t\t<\/div>\t<\/div>\t<div class=\"s\">\t\t<div><i class=\"oic oic-flaticon4-packages3\">&nbsp;<\/i><h3>Entreposage<\/h3>\t\t<\/div>\t<\/div><\/div>[\/vc_column_inner][\/vc_row_inner][\/vc_column][\/vc_row][vc_row row_fullwidth=&#8221;1&#8243; css=&#8221;.vc_custom_1461099378864{margin-top: 0px !important;margin-bottom: 0px !important;}&#8221;][vc_column]<div class=\"ozy-knockout-text\" style=\"background-image:url(https:\/\/afritrans-ci.com\/wp-content\/uploads\/2016\/04\/shutterstock_190990367-compressor.jpg);\"><div><h2 class=\"masked-text\" style=\"font-size:15vw!important\">Logistique<\/h2><\/div><\/div>[\/vc_column][\/vc_row][vc_row css=&#8221;.vc_custom_1461099735811{margin-top: 0px !important;margin-bottom: 0px !important;padding-top: 40px !important;padding-bottom: 20px !important;}&#8221;][vc_column][vc_column_text css=&#8221;.vc_custom_1628739048387{margin-bottom: 0px !important;padding-bottom: 10px !important;}&#8221;]<\/p>\n<h1 style=\"text-align: center;\"><strong><span style=\"font-size: 24pt;\"><span style=\"color: #800000;\">Solutions<\/span> <span style=\"color: #ffcc00;\">globales de cha\u00eene<\/span> <span style=\"color: #800000;\">d&#8217;approvisionnement<\/span><\/span><\/strong><\/h1>\n<p>[\/vc_column_text][vc_custom_heading text=&#8221;Nous croyons en des solutions de cha\u00eene d&#8217;approvisionnement fiables, de haute qualit\u00e9 et d&#8217;un bon rapport qualit\u00e9-prix que nous proposons \u00e0 <strong>vous nos clients<\/strong> privil\u00e9gi\u00e9s.&#8221; font_container=&#8221;tag:h3|font_size:24|text_align:center|color:%23000000|line_height:30px&#8221; google_fonts=&#8221;font_family:Raleway%3A100%2C200%2C300%2Cregular%2C500%2C600%2C700%2C800%2C900|font_style:400%20regular%3A400%3Anormal&#8221; css=&#8221;.vc_custom_1628739281182{margin-top: 0px !important;padding-top: 0px !important;padding-right: 15% !important;padding-bottom: 20px !important;padding-left: 15% !important;}&#8221;][vc_btn title=&#8221;EN SAVOIR PLUS?&#8221; style=&#8221;gradient&#8221; gradient_color_1=&#8221;chino&#8221; gradient_color_2=&#8221;sandy-brown&#8221; shape=&#8221;round&#8221; size=&#8221;lg&#8221; align=&#8221;center&#8221; link=&#8221;url:https%3A%2F%2Fafritrans-ci.com%2Findex.php%2Fservices-afritrans%2Fs|title:NOS%20SERVICES||&#8221;][\/vc_column][\/vc_row][vc_row css=&#8221;.vc_custom_1628746339442{margin-top: 0px !important;margin-bottom: 0px !important;padding-top: 200px !important;padding-bottom: 250px !important;background-image: url(https:\/\/afritrans-ci.com\/wp-content\/uploads\/2021\/08\/3R.jpg?id=1826) !important;background-position: center !important;background-repeat: no-repeat !important;background-size: cover !important;}&#8221;][vc_column][vc_custom_heading text=&#8221;raisons pour lesquelles vous nous choisirez :-)&#8221; font_container=&#8221;tag:h1|font_size:40|text_align:center|color:%23000000|line_height:46px&#8221; google_fonts=&#8221;font_family:Raleway%3A100%2C200%2C300%2Cregular%2C500%2C600%2C700%2C800%2C900|font_style:900%20bold%20regular%3A900%3Anormal&#8221; css=&#8221;.vc_custom_1628746348053{margin-top: 0px !important;padding-top: 0px !important;padding-right: 25% !important;padding-bottom: 20px !important;padding-left: 25% !important;}&#8221;][\/vc_column][\/vc_row][vc_row row_fullwidth=&#8221;1&#8243;][vc_column width=&#8221;1\/2&#8243;]<div class=\"ozy-anything-wrapper\" style=\"display:inline-block;width:100%;padding:30px 100px 30px 200px\">[vc_column_text css=&#8221;.vc_custom_1628741817026{margin-bottom: 0px !important;padding-bottom: 0px !important;}&#8221;]<\/p>\n<h1><span style=\"color: #993300;\"><strong>01<\/strong><\/span><\/h1>\n<p>[\/vc_column_text]<h1 class=\"ozy-divider-cap-left wpb_content_element\">Un Savoir Faire<\/h1><div class=\"ozy-content-divider \" style=\"border-top-style:solid;border-top-width:2px;border-top-color:#000000;width:60px;max-width:60px;float:left;\"><\/div>[vc_custom_heading text=&#8221;Quand il s&#8217;agit d&#8217;expertise en logistique, nous en faisons une r\u00e9alit\u00e9 gr\u00e2ce \u00e0 une \u00e9quipe hautement qualifi\u00e9 et qui se tient \u00e0 votre service&#8221; font_container=&#8221;tag:h4|font_size:22|text_align:left|color:%23000000|line_height:24px&#8221; google_fonts=&#8221;font_family:Open%20Sans%3A300%2C300italic%2Cregular%2Citalic%2C600%2C600italic%2C700%2C700italic%2C800%2C800italic|font_style:300%20light%20regular%3A300%3Anormal&#8221; css=&#8221;.vc_custom_1628740766297{margin-top: 0px !important;padding-top: 20px !important;}&#8221;]<\/div>[\/vc_column][vc_column width=&#8221;1\/2&#8243;][vc_single_image image=&#8221;1818&#8243; img_size=&#8221;full&#8221; alignment=&#8221;center&#8221; style=&#8221;vc_box_shadow_3d&#8221; zoom_on_hover=&#8221;yes&#8221;][\/vc_column][\/vc_row][vc_row row_fullwidth=&#8221;1&#8243;][vc_column width=&#8221;1\/2&#8243;][vc_single_image image=&#8221;1819&#8243; img_size=&#8221;full&#8221; alignment=&#8221;center&#8221; style=&#8221;vc_box_shadow_3d&#8221; zoom_on_hover=&#8221;yes&#8221;][\/vc_column][vc_column width=&#8221;1\/2&#8243;]<div class=\"ozy-anything-wrapper\" style=\"display:inline-block;width:100%;padding:30px 200px 30px 100px\">[vc_column_text css=&#8221;.vc_custom_1628741831582{margin-bottom: 0px !important;padding-bottom: 0px !important;}&#8221;]<\/p>\n<h1><span style=\"color: #ff9900;\"><strong>02<\/strong><\/span><\/h1>\n<p>[\/vc_column_text]<h1 class=\"ozy-divider-cap-left wpb_content_element\">D\u00e9lais d&#039;ex\u00e9cution maitris\u00e9s<\/h1><div class=\"ozy-content-divider \" style=\"border-top-style:solid;border-top-width:2px;border-top-color:#000000;width:60px;max-width:60px;float:left;\"><\/div>[vc_custom_heading text=&#8221;Nous pouvons d\u00e9placer tout et n&#8217;importe quoi pour vous et nous assurer qu&#8217;il arrive l\u00e0 o\u00f9 il doit \u00eatre, \u00e0 temps.&#8221; font_container=&#8221;tag:h4|font_size:24|text_align:left|color:%23000000|line_height:30px&#8221; google_fonts=&#8221;font_family:Raleway%3A100%2C200%2C300%2Cregular%2C500%2C600%2C700%2C800%2C900|font_style:300%20light%20regular%3A300%3Anormal&#8221; css=&#8221;.vc_custom_1628742339265{margin-top: 0px !important;padding-top: 20px !important;}&#8221;]<\/div>[\/vc_column][\/vc_row][vc_row row_fullwidth=&#8221;1&#8243;][vc_column width=&#8221;1\/2&#8243;]<div class=\"ozy-anything-wrapper\" style=\"display:inline-block;width:100%;padding:30px 100px 30px 200px\">[vc_column_text css=&#8221;.vc_custom_1628741854682{margin-bottom: 0px !important;padding-bottom: 0px !important;}&#8221;]<\/p>\n<h1><span style=\"color: #993300;\"><strong>03<\/strong><\/span><\/h1>\n<p>[\/vc_column_text]<h1 class=\"ozy-divider-cap-left wpb_content_element\">Une Flexibilit\u00e9 Professionnelle<\/h1><div class=\"ozy-content-divider \" style=\"border-top-style:solid;border-top-width:2px;border-top-color:#000000;width:60px;max-width:60px;float:left;\"><\/div>[vc_custom_heading text=&#8221;Nos services peuvent \u00eatre adapt\u00e9s aux besoins de n&#8217;importe quelle entreprise et notre objectif est de vous satisfaire.&#8221; font_container=&#8221;tag:h4|font_size:24|text_align:left|color:%23000000|line_height:30px&#8221; google_fonts=&#8221;font_family:Raleway%3A100%2C200%2C300%2Cregular%2C500%2C600%2C700%2C800%2C900|font_style:300%20light%20regular%3A300%3Anormal&#8221; css=&#8221;.vc_custom_1628744390015{margin-top: 0px !important;padding-top: 20px !important;}&#8221;]<\/div>[\/vc_column][vc_column width=&#8221;1\/2&#8243;][vc_single_image image=&#8221;1899&#8243; img_size=&#8221;full&#8221; alignment=&#8221;center&#8221; style=&#8221;vc_box_shadow_3d&#8221; zoom_on_hover=&#8221;yes&#8221;][\/vc_column][\/vc_row][vc_row disable_element=&#8221;yes&#8221; row_fullwidth=&#8221;1&#8243; row_zero_column_space=&#8221;1&#8243; css=&#8221;.vc_custom_1628744634510{margin-top: 0px !important;margin-right: 0px !important;margin-bottom: 0px !important;margin-left: 0px !important;padding-top: 100px !important;padding-right: 0px !important;padding-bottom: 0px !important;padding-left: 0px !important;}&#8221;][vc_column]<h1 class=\"ozy-divider-cap-center wpb_content_element\">Focussed Industries<\/h1><div class=\"ozy-content-divider \" style=\"border-top-style:solid;border-top-width:2px;border-top-color:#000000;width:40px;max-width:40px;margin:20px auto;\"><\/div>[vc_empty_space height=&#8221;20px&#8221;]<div class=\"ozy-owlcarousel  \" data-autoplay=\"true\" data-items=\"4\" data-singleitem=\"false\" data-slidespeed=\"200\" data-paginationSpeed=\"800\" data-autoheight=\"false\">\n<div class=\"item item-extended\" ><img src=\"https:\/\/afritrans-ci.com\/wp-content\/uploads\/2016\/04\/electronics.jpg\" alt=\"\"\/><a href=\"http:\/\/logistic.freevision.me\/services\/logistics\/\" target=\"_self\"><div class=\"overlay-one overlay-one-bg\"><h2>Electronics<\/h2><\/div><div class=\"overlay-two\" style=\"background-color:rgba(23,27,38,0.85)\"><p>Completely synergize resource taxing relationships via premier niche markets. Professionally cultivate one-to-one customer service with robust ideas.<span>Find out more \u2192<\/span><\/p><\/div><\/a><\/div><div class=\"item item-extended\" ><img src=\"https:\/\/afritrans-ci.com\/wp-content\/uploads\/2016\/04\/marine.jpg\" alt=\"\"\/><a href=\"http:\/\/logistic.freevision.me\/services\/logistics\/\" target=\"_self\"><div class=\"overlay-one overlay-one-bg\"><h2>Marine<\/h2><\/div><div class=\"overlay-two\" style=\"background-color:rgba(23,27,38,0.85)\"><p>Completely synergize resource taxing relationships via premier niche markets. Professionally cultivate one-to-one customer service with robust ideas.<span>Find out more \u2192<\/span><\/p><\/div><\/a><\/div><div class=\"item item-extended\" ><img src=\"https:\/\/afritrans-ci.com\/wp-content\/uploads\/2016\/04\/textile.jpg\" alt=\"\"\/><a href=\"http:\/\/logistic.freevision.me\/services\/logistics\/\" target=\"_self\"><div class=\"overlay-one overlay-one-bg\"><h2>Textile<\/h2><\/div><div class=\"overlay-two\" style=\"background-color:rgba(23,27,38,0.85)\"><p>Completely synergize resource taxing relationships via premier niche markets. Professionally cultivate one-to-one customer service with robust ideas.<span>Find out more \u2192<\/span><\/p><\/div><\/a><\/div><div class=\"item item-extended\" ><img src=\"https:\/\/afritrans-ci.com\/wp-content\/uploads\/2016\/04\/pharma.jpg\" alt=\"\"\/><a href=\"http:\/\/logistic.freevision.me\/services\/logistics\/\" target=\"_self\"><div class=\"overlay-one overlay-one-bg\"><h2>Pharma<\/h2><\/div><div class=\"overlay-two\" style=\"background-color:rgba(23,27,38,0.85)\"><p>Completely synergize resource taxing relationships via premier niche markets. Professionally cultivate one-to-one customer service with robust ideas.<span>Find out more \u2192<\/span><\/p><\/div><\/a><\/div><div class=\"item item-extended\" ><img src=\"https:\/\/afritrans-ci.com\/wp-content\/uploads\/2016\/04\/1458576627435_.jpg\" alt=\"\"\/><a href=\"http:\/\/logistic.freevision.me\/services\/logistics\/\" target=\"_self\"><div class=\"overlay-one overlay-one-bg\"><h2>Perishables<\/h2><\/div><div class=\"overlay-two\" style=\"background-color:rgba(23,27,38,0.85)\"><p>Completely synergize resource taxing relationships via premier niche markets. Professionally cultivate one-to-one customer service with robust ideas.<span>Find out more \u2192<\/span><\/p><\/div><\/a><\/div><div class=\"item item-extended\" ><img src=\"https:\/\/afritrans-ci.com\/wp-content\/uploads\/2016\/04\/1453761816053_.jpg\" alt=\"\"\/><a href=\"http:\/\/logistic.freevision.me\/services\/logistics\/\" target=\"_self\"><div class=\"overlay-one overlay-one-bg\"><h2>Cosmetics<\/h2><\/div><div class=\"overlay-two\" style=\"background-color:rgba(23,27,38,0.85)\"><p>Completely synergize resource taxing relationships via premier niche markets. Professionally cultivate one-to-one customer service with robust ideas.<span>Find out more \u2192<\/span><\/p><\/div><\/a><\/div>\n<\/div>[\/vc_column][\/vc_row][vc_row disable_element=&#8221;yes&#8221; row_fullwidth=&#8221;1&#8243; css=&#8221;.vc_custom_1628744657856{margin-top: 0px !important;margin-bottom: 0px !important;padding-top: 120px !important;padding-bottom: 120px !important;}&#8221;][vc_column width=&#8221;1\/6&#8243;]<h3 class=\"ozy-divider-cap-left wpb_content_element\">Award-winning third party distribution logistics and storage partner<\/h3><div class=\"ozy-content-divider \" style=\"border-top-style:solid;border-top-width:2px;border-top-color:#000000;width:60px;max-width:60px;float:left;\"><\/div>[\/vc_column][vc_column width=&#8221;1\/6&#8243;]<span id=\"ozy_icon_1829\" class=\"ozy-icon  wpb_content_element align-center xlarge clean icon oic-flaticon5-manager \" style=\"\" ><\/span><div class=\"ozy-counter wpb_content_element \" style=\"color:#000000\"><div class=\"timer\" data-sign=\"\" data-signpos=\"right\" data-from=\"0\" data-to=\"268\">0<\/div><div class=\"hr\" style=\"background-color:#000000\"><\/div><span>Clients<\/span><\/div>[\/vc_column][vc_column width=&#8221;1\/6&#8243;]<span id=\"ozy_icon_8836\" class=\"ozy-icon  wpb_content_element align-center xlarge clean icon oic-flaticon5-supermarket \" style=\"\" ><\/span><div class=\"ozy-counter wpb_content_element \" style=\"color:#000000\"><div class=\"timer\" data-sign=\"\" data-signpos=\"right\" data-from=\"0\" data-to=\"32\">0<\/div><div class=\"hr\" style=\"background-color:#000000\"><\/div><span>Offices<\/span><\/div>[\/vc_column][vc_column width=&#8221;1\/6&#8243;]<span id=\"ozy_icon_8751\" class=\"ozy-icon  wpb_content_element align-center xlarge clean icon oic-flaticon5-parcel \" style=\"\" ><\/span><div class=\"ozy-counter wpb_content_element \" style=\"color:#000000\"><div class=\"timer\" data-sign=\"+\" data-signpos=\"right\" data-from=\"0\" data-to=\"1200\">0<\/div><div class=\"hr\" style=\"background-color:#000000\"><\/div><span>Deliveries Per Month<\/span><\/div>[\/vc_column][vc_column width=&#8221;1\/6&#8243;]<span id=\"ozy_icon_9861\" class=\"ozy-icon  wpb_content_element align-center xlarge clean icon oic-flaticon5-delivery-2 \" style=\"\" ><\/span><div class=\"ozy-counter wpb_content_element \" style=\"color:#000000\"><div class=\"timer\" data-sign=\"+\" data-signpos=\"right\" data-from=\"0\" data-to=\"1200\">0<\/div><div class=\"hr\" style=\"background-color:#000000\"><\/div><span>Parcels Picked<\/span><\/div>[\/vc_column][vc_column width=&#8221;1\/6&#8243;]<span id=\"ozy_icon_5145\" class=\"ozy-icon  wpb_content_element align-center xlarge clean icon oic-flaticon5-delivery-3 \" style=\"\" ><\/span><div class=\"ozy-counter wpb_content_element \" style=\"color:#000000\"><div class=\"timer\" data-sign=\"\" data-signpos=\"right\" data-from=\"0\" data-to=\"749\">0<\/div><div class=\"hr\" style=\"background-color:#000000\"><\/div><span>Containers<\/span><\/div>[\/vc_column][\/vc_row][vc_row row_fullwidth=&#8221;1&#8243; row_zero_column_space=&#8221;1&#8243; css=&#8221;.vc_custom_1461074158924{margin-top: 0px !important;margin-right: 0px !important;margin-bottom: 0px !important;margin-left: 0px !important;padding-top: 0px !important;padding-right: 0px !important;padding-bottom: 0px !important;padding-left: 0px !important;}&#8221;][vc_column]<div id=\"owcta-98552\" class=\"ozy-wide-call-to-action\"><div class=\"bar\"><div><i class=\"oic-flaticon5-time\">&nbsp;<\/i><div class=\"part1\"><h5>Besoin d'une prestation de service ?<\/br>Appelez Au: <span>(225) 07 99 500 600 <\/span><\/h5><\/div><div class=\"part2\"><a href=\"#request-a-rate\" class=\"comp-request-a-rate\">UN DEVIS?<\/a><\/div><\/div><\/div><div class=\"gradient\"><div><h3>SERVICE DE LIVRAISON<h3><h3>NATIONAL<\/h3><h5>Transport multimodal<\/h5><\/div><\/div><\/div>[\/vc_column][\/vc_row]<\/p>\n","protected":false},"excerpt":{"rendered":"<p>[vc_row row_fullwidth=&#8221;1&#8243; row_zero_column_space=&#8221;1&#8243; css=&#8221;.vc_custom_1461073450203{margin-top: 0px !important;margin-right: 0px !important;margin-bottom: 0px !important;margin-left: 0px !important;padding-top: 0px !important;padding-right: 0px !important;padding-bottom: 0px !important;padding-left: 0px !important;}&#8221;][vc_column][rev_slider_vc alias=&#8221;corporate_business&#8221; el_class=&#8221;no-bottom-margin&#8221;][vc_row_inner css=&#8221;.vc_custom_1461076835725{margin-top: 0px !important;margin-bottom: 0px !important;padding-top: 0px !important;padding-bottom: 0px [&hellip;]<\/p>\n","protected":false},"author":1,"featured_media":0,"parent":0,"menu_order":0,"comment_status":"open","ping_status":"closed","template":"","meta":[],"_links":{"self":[{"href":"https:\/\/afritrans-ci.com\/index.php\/wp-json\/wp\/v2\/pages\/1325"}],"collection":[{"href":"https:\/\/afritrans-ci.com\/index.php\/wp-json\/wp\/v2\/pages"}],"about":[{"href":"https:\/\/afritrans-ci.com\/index.php\/wp-json\/wp\/v2\/types\/page"}],"author":[{"embeddable":true,"href":"https:\/\/afritrans-ci.com\/index.php\/wp-json\/wp\/v2\/users\/1"}],"replies":[{"embeddable":true,"href":"https:\/\/afritrans-ci.com\/index.php\/wp-json\/wp\/v2\/comments?post=1325"}],"version-history":[{"count":19,"href":"https:\/\/afritrans-ci.com\/index.php\/wp-json\/wp\/v2\/pages\/1325\/revisions"}],"predecessor-version":[{"id":1995,"href":"https:\/\/afritrans-ci.com\/index.php\/wp-json\/wp\/v2\/pages\/1325\/revisions\/1995"}],"wp:attachment":[{"href":"https:\/\/afritrans-ci.com\/index.php\/wp-json\/wp\/v2\/media?parent=1325"}],"curies":[{"name":"wp","href":"https:\/\/api.w.org\/{rel}","templated":true}]}}