{"id":238,"date":"2014-10-31T21:18:20","date_gmt":"2014-10-31T21:18:20","guid":{"rendered":"http:\/\/logistic.freevision.me\/?page_id=238"},"modified":"2021-11-14T11:14:17","modified_gmt":"2021-11-14T11:14:17","slug":"services-afritrans","status":"publish","type":"page","link":"https:\/\/afritrans-ci.com\/index.php\/services-afritrans\/","title":{"rendered":"NOS SERVICES"},"content":{"rendered":"<p>[vc_row bg_parallax=&#8221;off&#8221; bg_scroll=&#8221;h,-1&#8243; bottom_button=&#8221;on&#8221; bottom_button_color=&#8221;#ffffff&#8221; css=&#8221;.vc_custom_1636888454715{margin-top: 0px !important;margin-bottom: 0px !important;padding-top: 100px !important;padding-bottom: 100px !important;background-image: url(https:\/\/s3.amazonaws.com\/logistic\/uploads\/2014\/10\/logistic_bg.jpg?id=239) !important;}&#8221; row_min_height=&#8221;550px&#8221; bottom_button_icon=&#8221;oic-down-open-big&#8221; bottom_button_link=&#8221;#aftrans&#8221; font_color=&#8221;#ffffff&#8221;][vc_column]<div class=\"ozy-floating-box\" style=\"height:250px;text-align:center\"><div><div class=\"ozy-tlt\" style=\"width:100%;display:inline-block;text-align:center;color:#ffffff;font-weight:600;font-size:44px;line-height:54px\" data-display_time=\"3000\" data-in_effect=\"fadeIn\" data-in_effect_type=\"sync\" data-out_effect=\"fadeOut\" data-out_effect_type=\"sync\" data-loop=\"true\"><ul class=\"ozy-tlt-texts\" style=\"display: none\"><li>Logistique de Transport Local<\/li><li>Manutention en Amont &amp; en Aval<\/li><li>Op\u00e9ration de Livraison Nationale<\/li><li>Solutions de Gestion Int\u00e9gr\u00e9e de Marchandises<\/li><\/ul><\/div><fieldset class=\"ozy-content-divider  wpb_content_element\" style=\"border-top-style:solid;border-top-width:2px;border-top-color:#fcbf32;width:600px;max-width:600px;margin:20px auto;\"><legend class=\"dcenter\" align=\"center\">Des Solutions Logistique de Bout en Bout<\/legend><\/fieldset>[vc_column_text css=&#8221;.vc_custom_1636888040641{padding-right: 18% !important;padding-left: 18% !important;}&#8221;]<\/p>\n<h4 style=\"text-align: center;\"><span style=\"color: #ffcc00;\">AFRITRANS, votre entreprise de gestion compl\u00e8te de la cha\u00eene d&#8217;approvisionnement qui fournit des services de transport, d&#8217;entreposage et de manutention \u00e0 une diversit\u00e9 de secteur d&#8217;activit\u00e9 et sur toute l&#8217;\u00e9tendue du territoire ivoirien.<\/span><\/h4>\n<p>[\/vc_column_text]<\/div><\/div>[\/vc_column][\/vc_row][vc_row equal_height=&#8221;yes&#8221; content_placement=&#8221;middle&#8221; row_fullwidth=&#8221;1&#8243; row_vertical_center=&#8221;1&#8243; particles_background=&#8221;on&#8221; css=&#8221;.vc_custom_1629221296066{border-top-width: 50px !important;border-bottom-width: 50px !important;background-color: #a8460d !important;}&#8221; font_color=&#8221;#ffffff&#8221; el_id=&#8221;aftrans&#8221;][vc_column width=&#8221;1\/2&#8243;][vc_empty_space height=&#8221;15px&#8221;][vc_single_image image=&#8221;1876&#8243; img_size=&#8221;large&#8221; alignment=&#8221;center&#8221; zoom_on_hover=&#8221;yes&#8221;][vc_empty_space height=&#8221;5px&#8221;][\/vc_column][vc_column width=&#8221;1\/2&#8243;][vc_empty_space height=&#8221;90px&#8221;]<div id=\"tile-with-icon_icon4834\" class=\"title-with-icon-wrapper clear xlarge \" data-color=\"\"><div class=\"wpb_content_element title-with-icon clearfix margin-bottom-0 \"><span  style=\"color:#ffffff !important;background-color: !important;\" class=\"oic-flaticon6-truck clear xlarge \" ><\/span><h1 style=\"color:#ffffff\">TRANSPORT<\/h1><\/div><div class=\"wpb_content_element left-cs title-with-icon-content xlarge clearfix\" style=\"color:#ffffff\"><\/p>\n<h4 class=\"tbk__subtitle\">R\u00e9pondre plus efficacement aux exigences des particuliers et professionnels de la livraison gr\u00e2ce \u00e0 une flotte unique.<\/h4>\n<p><span style=\"font-size: 13pt;\">Profitez des offres de transport de marchandises les plus avantageux du march\u00e9 et des circuits les plus s\u00fbrs aussi bien \u00e0 la capitale ivoirienne que\u00a0 sur tout le territoire. <b>Un r\u00e9seau national performant.<\/b><\/span><\/div><\/div>[\/vc_column][\/vc_row][vc_row equal_height=&#8221;yes&#8221; content_placement=&#8221;middle&#8221; row_fullwidth=&#8221;1&#8243; row_vertical_center=&#8221;1&#8243; particles_background=&#8221;on&#8221; css=&#8221;.vc_custom_1629221459011{border-top-width: 50px !important;border-bottom-width: 50px !important;background-color: #f4ab00 !important;}&#8221; font_color=&#8221;#2b2b2b&#8221; el_id=&#8221;afmanut&#8221;][vc_column width=&#8221;1\/2&#8243;][vc_empty_space height=&#8221;90px&#8221;]<div id=\"tile-with-icon_icon6476\" class=\"title-with-icon-wrapper clear xlarge \" data-color=\"\"><div class=\"wpb_content_element title-with-icon clearfix margin-bottom-0 \"><span  style=\"color:#262626 !important;background-color: !important;\" class=\"oic-factory-lift-streamline-warehouse clear xlarge \" ><\/span><h1 style=\"color:#1e1e1e\">MANUTENTION<\/h1><\/div><div class=\"wpb_content_element left-cs title-with-icon-content xlarge clearfix\" style=\"color:#1e1e1e\"><\/p>\n<h4 class=\"tbk__subtitle\">Besoin d&#8217;une op\u00e9ration en manutention pour vos marchandises, <strong>fiez-vous aux experts<\/strong>.<\/h4>\n<p><span style=\"font-size: 13pt;\">Une s\u00e9lection d&#8217;\u00e9quipements et d&#8217;engins pour rendre vos op\u00e9rations plus rapides, plus s\u00fbres, plus flexible, ad\u00e9quats \u00e0 toute sorte de marchandises et sur n&#8217;importe quel espace. <b>Optez pour la flexibilit\u00e9!<\/b><\/span><\/div><\/div>[\/vc_column][vc_column width=&#8221;1\/2&#8243;][vc_empty_space height=&#8221;15px&#8221;][vc_single_image image=&#8221;1879&#8243; img_size=&#8221;large&#8221; alignment=&#8221;center&#8221; zoom_on_hover=&#8221;yes&#8221;][vc_empty_space height=&#8221;5px&#8221;][\/vc_column][\/vc_row][vc_row equal_height=&#8221;yes&#8221; content_placement=&#8221;middle&#8221; disable_element=&#8221;yes&#8221; row_fullwidth=&#8221;1&#8243; row_vertical_center=&#8221;1&#8243; particles_background=&#8221;on&#8221; css=&#8221;.vc_custom_1629898056561{border-top-width: 50px !important;border-bottom-width: 50px !important;background-color: #1e1e1e !important;}&#8221; font_color=&#8221;#ffffff&#8221; el_id=&#8221;afriship&#8221;][vc_column width=&#8221;1\/2&#8243;][vc_empty_space height=&#8221;15px&#8221;][vc_single_image image=&#8221;1881&#8243; img_size=&#8221;large&#8221; alignment=&#8221;center&#8221; zoom_on_hover=&#8221;yes&#8221;][vc_empty_space height=&#8221;5px&#8221;][\/vc_column][vc_column width=&#8221;1\/2&#8243;][vc_empty_space height=&#8221;90px&#8221;]<div id=\"tile-with-icon_icon9412\" class=\"title-with-icon-wrapper clear xlarge \" data-color=\"\"><div class=\"wpb_content_element title-with-icon clearfix margin-bottom-0 \"><span  style=\"color:#ffffff !important;background-color: !important;\" class=\"oic-flaticon1-boat17 clear xlarge \" ><\/span><h1 style=\"color:#ffffff\">SHIPPING<\/h1><\/div><div class=\"wpb_content_element left-cs title-with-icon-content xlarge clearfix\" style=\"color:#ffffff\"><\/p>\n<h4 class=\"tbk__subtitle\">Gr\u00e2ce \u00e0 un r\u00e9seau de compagnie maritime, b\u00e9n\u00e9ficiez des partenaires de choix pour votre projet d\u2019exp\u00e9dition.<\/h4>\n<p><span style=\"font-size: 13pt;\">Nos experts vous accompagnent dans le choix de solutions les mieux adapt\u00e9es (conteneurs &amp; compagnie maritime) \u00e0 vos besoins et votre budget. <b>Des envois et\u00a0<\/b><b>r\u00e9ceptions<\/b><b>\u00a0sur Abidjan sans tracas<\/b><b>.<\/b><\/span><\/div><\/div>[\/vc_column][\/vc_row][vc_row equal_height=&#8221;yes&#8221; content_placement=&#8221;middle&#8221; row_fullwidth=&#8221;1&#8243; row_vertical_center=&#8221;1&#8243; particles_background=&#8221;on&#8221; css=&#8221;.vc_custom_1629221651827{border-top-width: 50px !important;border-bottom-width: 50px !important;background-color: #ffffff !important;}&#8221; font_color=&#8221;#2b2b2b&#8221; el_id=&#8221;afrstock&#8221;][vc_column width=&#8221;1\/2&#8243;][vc_empty_space height=&#8221;15px&#8221;][vc_single_image image=&#8221;1984&#8243; img_size=&#8221;large&#8221; alignment=&#8221;center&#8221; zoom_on_hover=&#8221;yes&#8221;][vc_empty_space height=&#8221;5px&#8221;][\/vc_column][vc_column width=&#8221;1\/2&#8243;][vc_empty_space height=&#8221;90px&#8221;]<div id=\"tile-with-icon_icon5528\" class=\"title-with-icon-wrapper clear xlarge \" data-color=\"\"><div class=\"wpb_content_element title-with-icon clearfix margin-bottom-0 \"><span  style=\"color:#262626 !important;background-color: !important;\" class=\"oic-flaticon4-delivery43 clear xlarge \" ><\/span><h1 style=\"color:#1e1e1e\">STOCKAGE &amp; DISTRIBUTION<\/h1><\/div><div class=\"wpb_content_element left-cs title-with-icon-content xlarge clearfix\" style=\"color:#1e1e1e\"><\/p>\n<h4 class=\"tbk__subtitle\">Optimiser la cha\u00eene d&#8217;approvisionnement et de distribution reste <strong>un d\u00e9fis que nous savons relever<\/strong><\/h4>\n<p><span style=\"font-size: 13pt;\">Du Pick &amp; Pack \u00e0 l&#8217;inspection de votre marchandise, trouvez le compl\u00e9ment id\u00e9al de votre cha\u00eene d&#8217;approvisionnement et profitez de nos outils de planification, de control et de v\u00e9rification. <strong>La solution optimale pour le stockage de vos marchandises<\/strong><\/span><\/div><\/div>[\/vc_column][\/vc_row]<\/p>\n","protected":false},"excerpt":{"rendered":"<p>[vc_row bg_parallax=&#8221;off&#8221; bg_scroll=&#8221;h,-1&#8243; bottom_button=&#8221;on&#8221; bottom_button_color=&#8221;#ffffff&#8221; css=&#8221;.vc_custom_1636888454715{margin-top: 0px !important;margin-bottom: 0px !important;padding-top: 100px !important;padding-bottom: 100px !important;background-image: url(https:\/\/s3.amazonaws.com\/logistic\/uploads\/2014\/10\/logistic_bg.jpg?id=239) !important;}&#8221; row_min_height=&#8221;550px&#8221; bottom_button_icon=&#8221;oic-down-open-big&#8221; bottom_button_link=&#8221;#aftrans&#8221; font_color=&#8221;#ffffff&#8221;][vc_column][\/vc_column][\/vc_row][vc_row equal_height=&#8221;yes&#8221; content_placement=&#8221;middle&#8221; row_fullwidth=&#8221;1&#8243; row_vertical_center=&#8221;1&#8243; particles_background=&#8221;on&#8221; css=&#8221;.vc_custom_1629221296066{border-top-width: 50px !important;border-bottom-width: 50px !important;background-color: [&hellip;]<\/p>\n","protected":false},"author":1,"featured_media":0,"parent":0,"menu_order":0,"comment_status":"open","ping_status":"closed","template":"","meta":[],"_links":{"self":[{"href":"https:\/\/afritrans-ci.com\/index.php\/wp-json\/wp\/v2\/pages\/238"}],"collection":[{"href":"https:\/\/afritrans-ci.com\/index.php\/wp-json\/wp\/v2\/pages"}],"about":[{"href":"https:\/\/afritrans-ci.com\/index.php\/wp-json\/wp\/v2\/types\/page"}],"author":[{"embeddable":true,"href":"https:\/\/afritrans-ci.com\/index.php\/wp-json\/wp\/v2\/users\/1"}],"replies":[{"embeddable":true,"href":"https:\/\/afritrans-ci.com\/index.php\/wp-json\/wp\/v2\/comments?post=238"}],"version-history":[{"count":17,"href":"https:\/\/afritrans-ci.com\/index.php\/wp-json\/wp\/v2\/pages\/238\/revisions"}],"predecessor-version":[{"id":1998,"href":"https:\/\/afritrans-ci.com\/index.php\/wp-json\/wp\/v2\/pages\/238\/revisions\/1998"}],"wp:attachment":[{"href":"https:\/\/afritrans-ci.com\/index.php\/wp-json\/wp\/v2\/media?parent=238"}],"curies":[{"name":"wp","href":"https:\/\/api.w.org\/{rel}","templated":true}]}}